{"id":68430,"date":"2024-02-20T14:59:40","date_gmt":"2024-02-20T13:59:40","guid":{"rendered":"https:\/\/primolevi.org\/?page_id=68430"},"modified":"2024-07-04T16:59:37","modified_gmt":"2024-07-04T14:59:37","slug":"our-organization","status":"publish","type":"page","link":"https:\/\/primolevi.org\/en\/our-organization","title":{"rendered":"Our Organization"},"content":{"rendered":"\n<p><strong>The Primo Levi Centre is a nonprofit organization regulated by the French association contract law of July 1, 1901.&nbsp;<\/strong><\/p>\n\n\n\n<p>The board of directors is made up of three panels: members who have paid their annual subscription, including the founding members (M\u00e9decins du Monde, ACAT-France, and Tr\u00eave), active members who join as individuals, and associative members.<\/p>\n\n\n\n<p>It meets once a year at a general meeting to deal with the agenda proposed by the board of directors, to approve the annual report and accounts for the previous year, to vote on the budget for the following year, and to make decisions on acts affecting the assets of the Primo Levi Centre.<\/p>\n\n\n\n<h2 class=\"wp-block-heading\">Board of Directors<\/h2>\n\n\n\n<p>Made up of 17 representatives of the three panels, the Board of Directors sets the center\u2019s objectives and defines its strategic orientations. It also elects an executive committee, from among its members, responsible for overseeing the operational implementation of the orientations and decisions of the Board of Directors and the General Meeting. The founding associations each have two seats on the Board of Directors.<\/p>\n\n\n\n<h2 class=\"wp-block-heading\">The permanent staff<\/h2>\n\n\n\n<p>The work of the Primo Levi Centre is based on the mobilization of a permanent team of employees and volunteers. The Primo Levi Centre also regularly welcomes interns, apprentices and civic service volunteers.<\/p>\n\n\n\n<p>Under the responsibility of the managing director, the Primo Levi Centre\u2019s permanent team is made up of 25 people involved in the care and support of exiles, the training of other professionals and volunteers, and the advocacy to politicians and enterprises.&nbsp;<\/p>\n\n\n\n<h2 class=\"wp-block-heading\">Our partners<\/h2>\n\n\n\n<p>The Primo Levi Centre is a member of several networks with which it shares information, work, ideas, and regularly carries out advocacy.<\/p>\n\n\n\n<p><strong>Promoting access to appropriate care for victims of torture<\/strong><\/p>\n\n\n\n<p>The Primo Levi Centre is a member of the <a href=\"https:\/\/www.odse.eu.org\/\">Observatoire du Droit \u00e0 la Sant\u00e9 des \u00c9trangers (ODSE)<\/a> and a founding member of <a href=\"https:\/\/reseaureseda.wordpress.com\/\">R\u00e9s\u00e9da<\/a>, a French-speaking network of 9 healthcare centers based in France, Belgium, Switzerland, Algeria and Lebanon. The center has also been involved in the work of the <a href=\"https:\/\/european-network.org\/\">European Network of Rehabilitation Centres for Survivors of Torture.<\/a><\/p>\n\n\n\n<p><strong>Defending the right to asylum<\/strong><\/p>\n\n\n\n<p>The lack of recognition of the suffering endured in their country of origin and\/or on the migration route, and the fear of being turned back exacerbate the suffering of women, men and children who have had to flee their country. The precarious living conditions linked to their administrative situation constitute an obstacle to the care required by their state of health. The Primo Levi Centre has witnessed the effects of torture and the deterioration in reception conditions for exiles, and is committed to defending the right to asylum. It plays an active role in the work of the <a href=\"https:\/\/coordination-asile-cfda.fr\/\">Coordination Fran\u00e7aise Pour le Droit d\u2019Asile (CFDA)<\/a> and is a member of <a href=\"https:\/\/www.infomie.net\/\">InfoMIE<\/a>, a resource center for unaccompanied foreign minors.<\/p>\n\n\n\n<hr class=\"wp-block-separator has-alpha-channel-opacity\"\/>\n\n\n\n<p>The Primo Levi Centre is also a member of <a href=\"https:\/\/www.uriopss-idf.fr\/\">Uriopss \u00cele-de-France<\/a> (Union R\u00e9gionale Interf\u00e9d\u00e9rale des Oeuvres et Organismes Priv\u00e9s non Lucratifs Sanitaires et Sociaux), which \u201crepresents to the public authorities in the \u00cele-de-France region the collective voice of associations in the health, social and socio-medical sectors working alongside vulnerable and fragile people;\u201d Since 2022, the Primo Levi Centre has also been an observer member of <a href=\"https:\/\/www.coordinationsud.org\/\">Coordination Sud<\/a>, the platform of French international solidarity associations.<\/p>\n\n\n\n<h2 class=\"wp-block-heading\">Supports<\/h2>\n\n\n\n<figure class=\"wp-block-image size-large\"><img fetchpriority=\"high\" decoding=\"async\" width=\"1134\" height=\"620\" src=\"https:\/\/primolevi.org\/app\/uploads\/2024\/02\/Partners-1134x620.jpg\" alt=\"\" class=\"wp-image-68431\" srcset=\"https:\/\/primolevi.org\/app\/uploads\/2024\/02\/Partners-1134x620.jpg 1134w, https:\/\/primolevi.org\/app\/uploads\/2024\/02\/Partners-340x186.jpg 340w, https:\/\/primolevi.org\/app\/uploads\/2024\/02\/Partners-768x420.jpg 768w, https:\/\/primolevi.org\/app\/uploads\/2024\/02\/Partners.jpg 1384w\" sizes=\"(max-width: 1134px) 100vw, 1134px\" \/><\/figure>\n\n\n\n<p><\/p>\n\n\n\n<p><\/p>\n\n\n\n<p><\/p>\n\n\n\n<p><\/p>\n\n\n\n<p><\/p>\n","protected":false},"excerpt":{"rendered":"<p>The Primo Levi Centre is a nonprofit organization regulated by the French association contract law of July 1, 1901.&nbsp; The board of directors is made up of three panels: members who have paid their annual subscription, including the founding members (M\u00e9decins du Monde, ACAT-France, and Tr\u00eave), active members who join as individuals, and associative members. &hellip; <a href=\"https:\/\/primolevi.org\/en\/our-organization\">Continued<\/a><\/p>\n","protected":false},"author":2,"featured_media":1660,"parent":0,"menu_order":0,"comment_status":"closed","ping_status":"closed","template":"","meta":{"_acf_changed":false,"_relevanssi_hide_post":"","_relevanssi_hide_content":"","_relevanssi_pin_for_all":"","_relevanssi_pin_keywords":"","_relevanssi_unpin_keywords":"","_relevanssi_related_keywords":"","_relevanssi_related_include_ids":"","_relevanssi_related_exclude_ids":"","_relevanssi_related_no_append":"","_relevanssi_related_not_related":"","_relevanssi_related_posts":"69066","_relevanssi_noindex_reason":"","inline_featured_image":false,"footnotes":""},"class_list":["post-68430","page","type-page","status-publish","has-post-thumbnail","hentry"],"acf":[],"yoast_head":"<!-- This site is optimized with the Yoast SEO plugin v26.5 - https:\/\/yoast.com\/wordpress\/plugins\/seo\/ -->\n<title>Our Organization - Centre Primo Levi<\/title>\n<meta name=\"robots\" content=\"index, follow, max-snippet:-1, max-image-preview:large, max-video-preview:-1\" \/>\n<link rel=\"canonical\" href=\"https:\/\/primolevi.org\/en\/our-organization\" \/>\n<meta property=\"og:locale\" content=\"en_US\" \/>\n<meta property=\"og:type\" content=\"article\" \/>\n<meta property=\"og:title\" content=\"Our Organization - Centre Primo Levi\" \/>\n<meta property=\"og:description\" content=\"The Primo Levi Centre is a nonprofit organization regulated by the French association contract law of July 1, 1901.&nbsp; The board of directors is made up of three panels: members who have paid their annual subscription, including the founding members (M\u00e9decins du Monde, ACAT-France, and Tr\u00eave), active members who join as individuals, and associative members. &hellip; Continued\" \/>\n<meta property=\"og:url\" content=\"https:\/\/primolevi.org\/en\/our-organization\" \/>\n<meta property=\"og:site_name\" content=\"Centre Primo Levi\" \/>\n<meta property=\"article:modified_time\" content=\"2024-07-04T14:59:37+00:00\" \/>\n<meta property=\"og:image\" content=\"https:\/\/primolevi.org\/app\/uploads\/2022\/03\/orga.jpg\" \/>\n\t<meta property=\"og:image:width\" content=\"1903\" \/>\n\t<meta property=\"og:image:height\" content=\"563\" \/>\n\t<meta property=\"og:image:type\" content=\"image\/jpeg\" \/>\n<meta name=\"twitter:card\" content=\"summary_large_image\" \/>\n<meta name=\"twitter:label1\" content=\"Est. reading time\" \/>\n\t<meta name=\"twitter:data1\" content=\"4 minutes\" \/>\n<script type=\"application\/ld+json\" class=\"yoast-schema-graph\">{\"@context\":\"https:\/\/schema.org\",\"@graph\":[{\"@type\":\"WebPage\",\"@id\":\"https:\/\/primolevi.org\/en\/our-organization\",\"url\":\"https:\/\/primolevi.org\/en\/our-organization\",\"name\":\"Our Organization - Centre Primo Levi\",\"isPartOf\":{\"@id\":\"https:\/\/primolevi.org\/#website\"},\"primaryImageOfPage\":{\"@id\":\"https:\/\/primolevi.org\/en\/our-organization#primaryimage\"},\"image\":{\"@id\":\"https:\/\/primolevi.org\/en\/our-organization#primaryimage\"},\"thumbnailUrl\":\"https:\/\/primolevi.org\/app\/uploads\/2022\/03\/orga.jpg\",\"datePublished\":\"2024-02-20T13:59:40+00:00\",\"dateModified\":\"2024-07-04T14:59:37+00:00\",\"breadcrumb\":{\"@id\":\"https:\/\/primolevi.org\/en\/our-organization#breadcrumb\"},\"inLanguage\":\"en-US\",\"potentialAction\":[{\"@type\":\"ReadAction\",\"target\":[\"https:\/\/primolevi.org\/en\/our-organization\"]}]},{\"@type\":\"ImageObject\",\"inLanguage\":\"en-US\",\"@id\":\"https:\/\/primolevi.org\/en\/our-organization#primaryimage\",\"url\":\"https:\/\/primolevi.org\/app\/uploads\/2022\/03\/orga.jpg\",\"contentUrl\":\"https:\/\/primolevi.org\/app\/uploads\/2022\/03\/orga.jpg\",\"width\":1903,\"height\":563,\"caption\":\"Our organization\"},{\"@type\":\"BreadcrumbList\",\"@id\":\"https:\/\/primolevi.org\/en\/our-organization#breadcrumb\",\"itemListElement\":[{\"@type\":\"ListItem\",\"position\":1,\"name\":\"Accueil\",\"item\":\"https:\/\/primolevi.org\/en\"},{\"@type\":\"ListItem\",\"position\":2,\"name\":\"Our Organization\"}]},{\"@type\":\"WebSite\",\"@id\":\"https:\/\/primolevi.org\/#website\",\"url\":\"https:\/\/primolevi.org\/\",\"name\":\"Centre Primo Levi\",\"description\":\"Vivre apr\u00e8s la torture\",\"publisher\":{\"@id\":\"https:\/\/primolevi.org\/#organization\"},\"potentialAction\":[{\"@type\":\"SearchAction\",\"target\":{\"@type\":\"EntryPoint\",\"urlTemplate\":\"https:\/\/primolevi.org\/?s={search_term_string}\"},\"query-input\":{\"@type\":\"PropertyValueSpecification\",\"valueRequired\":true,\"valueName\":\"search_term_string\"}}],\"inLanguage\":\"en-US\"},{\"@type\":\"Organization\",\"@id\":\"https:\/\/primolevi.org\/#organization\",\"name\":\"Centre Primo Levi\",\"url\":\"https:\/\/primolevi.org\/\",\"logo\":{\"@type\":\"ImageObject\",\"inLanguage\":\"en-US\",\"@id\":\"https:\/\/primolevi.org\/#\/schema\/logo\/image\/\",\"url\":\"https:\/\/primolevi.org\/app\/uploads\/2024\/09\/Logo-DGEF.jpg\",\"contentUrl\":\"https:\/\/primolevi.org\/app\/uploads\/2024\/09\/Logo-DGEF.jpg\",\"width\":500,\"height\":438,\"caption\":\"Centre Primo Levi\"},\"image\":{\"@id\":\"https:\/\/primolevi.org\/#\/schema\/logo\/image\/\"}}]}<\/script>\n<!-- \/ Yoast SEO plugin. -->","yoast_head_json":{"title":"Our Organization - Centre Primo Levi","robots":{"index":"index","follow":"follow","max-snippet":"max-snippet:-1","max-image-preview":"max-image-preview:large","max-video-preview":"max-video-preview:-1"},"canonical":"https:\/\/primolevi.org\/en\/our-organization","og_locale":"en_US","og_type":"article","og_title":"Our Organization - Centre Primo Levi","og_description":"The Primo Levi Centre is a nonprofit organization regulated by the French association contract law of July 1, 1901.&nbsp; The board of directors is made up of three panels: members who have paid their annual subscription, including the founding members (M\u00e9decins du Monde, ACAT-France, and Tr\u00eave), active members who join as individuals, and associative members. &hellip; Continued","og_url":"https:\/\/primolevi.org\/en\/our-organization","og_site_name":"Centre Primo Levi","article_modified_time":"2024-07-04T14:59:37+00:00","og_image":[{"width":1903,"height":563,"url":"https:\/\/primolevi.org\/app\/uploads\/2022\/03\/orga.jpg","type":"image\/jpeg"}],"twitter_card":"summary_large_image","twitter_misc":{"Est. reading time":"4 minutes"},"schema":{"@context":"https:\/\/schema.org","@graph":[{"@type":"WebPage","@id":"https:\/\/primolevi.org\/en\/our-organization","url":"https:\/\/primolevi.org\/en\/our-organization","name":"Our Organization - Centre Primo Levi","isPartOf":{"@id":"https:\/\/primolevi.org\/#website"},"primaryImageOfPage":{"@id":"https:\/\/primolevi.org\/en\/our-organization#primaryimage"},"image":{"@id":"https:\/\/primolevi.org\/en\/our-organization#primaryimage"},"thumbnailUrl":"https:\/\/primolevi.org\/app\/uploads\/2022\/03\/orga.jpg","datePublished":"2024-02-20T13:59:40+00:00","dateModified":"2024-07-04T14:59:37+00:00","breadcrumb":{"@id":"https:\/\/primolevi.org\/en\/our-organization#breadcrumb"},"inLanguage":"en-US","potentialAction":[{"@type":"ReadAction","target":["https:\/\/primolevi.org\/en\/our-organization"]}]},{"@type":"ImageObject","inLanguage":"en-US","@id":"https:\/\/primolevi.org\/en\/our-organization#primaryimage","url":"https:\/\/primolevi.org\/app\/uploads\/2022\/03\/orga.jpg","contentUrl":"https:\/\/primolevi.org\/app\/uploads\/2022\/03\/orga.jpg","width":1903,"height":563,"caption":"Our organization"},{"@type":"BreadcrumbList","@id":"https:\/\/primolevi.org\/en\/our-organization#breadcrumb","itemListElement":[{"@type":"ListItem","position":1,"name":"Accueil","item":"https:\/\/primolevi.org\/en"},{"@type":"ListItem","position":2,"name":"Our Organization"}]},{"@type":"WebSite","@id":"https:\/\/primolevi.org\/#website","url":"https:\/\/primolevi.org\/","name":"Centre Primo Levi","description":"Vivre apr\u00e8s la torture","publisher":{"@id":"https:\/\/primolevi.org\/#organization"},"potentialAction":[{"@type":"SearchAction","target":{"@type":"EntryPoint","urlTemplate":"https:\/\/primolevi.org\/?s={search_term_string}"},"query-input":{"@type":"PropertyValueSpecification","valueRequired":true,"valueName":"search_term_string"}}],"inLanguage":"en-US"},{"@type":"Organization","@id":"https:\/\/primolevi.org\/#organization","name":"Centre Primo Levi","url":"https:\/\/primolevi.org\/","logo":{"@type":"ImageObject","inLanguage":"en-US","@id":"https:\/\/primolevi.org\/#\/schema\/logo\/image\/","url":"https:\/\/primolevi.org\/app\/uploads\/2024\/09\/Logo-DGEF.jpg","contentUrl":"https:\/\/primolevi.org\/app\/uploads\/2024\/09\/Logo-DGEF.jpg","width":500,"height":438,"caption":"Centre Primo Levi"},"image":{"@id":"https:\/\/primolevi.org\/#\/schema\/logo\/image\/"}}]}},"_links":{"self":[{"href":"https:\/\/primolevi.org\/en\/wp-json\/wp\/v2\/pages\/68430","targetHints":{"allow":["GET"]}}],"collection":[{"href":"https:\/\/primolevi.org\/en\/wp-json\/wp\/v2\/pages"}],"about":[{"href":"https:\/\/primolevi.org\/en\/wp-json\/wp\/v2\/types\/page"}],"author":[{"embeddable":true,"href":"https:\/\/primolevi.org\/en\/wp-json\/wp\/v2\/users\/2"}],"replies":[{"embeddable":true,"href":"https:\/\/primolevi.org\/en\/wp-json\/wp\/v2\/comments?post=68430"}],"version-history":[{"count":6,"href":"https:\/\/primolevi.org\/en\/wp-json\/wp\/v2\/pages\/68430\/revisions"}],"predecessor-version":[{"id":73461,"href":"https:\/\/primolevi.org\/en\/wp-json\/wp\/v2\/pages\/68430\/revisions\/73461"}],"wp:featuredmedia":[{"embeddable":true,"href":"https:\/\/primolevi.org\/en\/wp-json\/wp\/v2\/media\/1660"}],"wp:attachment":[{"href":"https:\/\/primolevi.org\/en\/wp-json\/wp\/v2\/media?parent=68430"}],"curies":[{"name":"wp","href":"https:\/\/api.w.org\/{rel}","templated":true}]}}